{"id":106,"date":"2013-06-03T12:54:28","date_gmt":"2013-06-03T12:54:28","guid":{"rendered":"http:\/\/www.schmierfinke-koeln.de\/?page_id=106"},"modified":"2024-04-04T17:23:30","modified_gmt":"2024-04-04T17:23:30","slug":"leitsatze","status":"publish","type":"page","link":"https:\/\/www.schmierfinke-koeln.de\/?page_id=106","title":{"rendered":"Leits\u00e4tze"},"content":{"rendered":"<ul>\n<li>Jeder Mensch ist in seiner Individualit\u00e4t bei uns willkommen.<\/li>\n<li>Verantwortung f\u00fcr das eigene Handeln zu \u00fcbernehmen, ist uns wichtig.<\/li>\n<li>Wir legen Wert auf respektvollen und liebevollen Umgang.<\/li>\n<li>Wir leben eine famili\u00e4re Atmosph\u00e4re.<\/li>\n<li>Als Initiative tragen, leben und gestalten Eltern unser Leitbild aktiv und vertrauensvoll in\u00a0enger Zusammenarbeit mit dem Team.<\/li>\n<li>Wir sehen unsere Erzieher*innen als Partner.<\/li>\n<li>Wir erwarten von unseren Erzieher*innen, dass sie&#8230;\n<ul>\n<li>&#8230;sich mit unserem Konzept identifizieren und dass jede(r) pers\u00f6nliche Ideen aktiv in den Kita-Alltag einbringt<\/li>\n<li>&#8230;die Kinder als Individuum sehen, sie gezielt beachten und den Kita-Alltag an deren<br \/>\nBed\u00fcrfnisse anpassen.<\/li>\n<\/ul>\n<\/li>\n<li>Ziel der p\u00e4dagogischen Arbeit ist, die Kinder zu begleiten, damit sie selbstbewusste und<br \/>\nselbstbestimmte Pers\u00f6nlichkeiten werden.<\/li>\n<\/ul>\n<div id=\"metaslider-id-444\" style=\"width: 100%;\" class=\"ml-slider-3-70-0 metaslider metaslider-flex metaslider-444 ml-slider ms-theme-default nav-hidden\" role=\"region\" aria-roledescription=\"Slideshow\" aria-label=\"Leits\u00e4tze\">\n    <div id=\"metaslider_container_444\">\n        <div id=\"metaslider_444\">\n            <ul aria-live=\"polite\" class=\"slides\">\n                <li style=\"display: block; width: 100%;\" class=\"slide-311 ms-image \" aria-roledescription=\"slide\" aria-label=\"slide-311\"><img loading=\"lazy\" decoding=\"async\" src=\"https:\/\/www.schmierfinke-koeln.de\/wp-content\/uploads\/2013\/06\/SCHMIER20-735x150.jpg\" height=\"150\" width=\"735\" alt=\"\" class=\"slider-444 slide-311\" \/><\/li>\n            <\/ul>\n        <\/div>\n        \n    <\/div>\n<\/div>\n<p><span style=\"color: #857468;\">&#8212;&#8212;&#8212;&#8212;&#8212;&#8212;&#8212;<\/span><\/p>\n<p><span style=\"color: #857468;\">&#8212;&#8212;&#8212;&#8212;&#8212;&#8212;&#8212;<\/span><\/p>\n<p><span style=\"color: #857468;\">&#8212;&#8212;&#8212;&#8212;&#8212;&#8212;&#8212;<\/span><\/p>\n<ul>\n<li>Unsere Schwerpunkte dabei sind:\n<ul>\n<li>soziale Kompetenz<\/li>\n<li>gegenseitiger Respekt<\/li>\n<li>Konfliktf\u00e4higkeit<\/li>\n<li>Toleranz<\/li>\n<li>Selbstbestimmung<\/li>\n<li>Beteiligung an Entscheidungen<\/li>\n<li>Kind-sein-d\u00fcrfen<\/li>\n<li>Freude und Spa\u00df am Lernen, Experimentieren und Ausprobieren<\/li>\n<\/ul>\n<\/li>\n<li>Eine vorbereitete Umgebung ist f\u00fcr die Kinder Voraussetzung selbst\u00e4ndigen Arbeitens (Montessori).<\/li>\n<li>Dem Freispiel wird ein hoher Wert zugesprochen, dabei vollzieht sich das Lernen in der Handlung, ohne dass das Lernen Ziel der Handlung ist.<\/li>\n<\/ul>\n","protected":false},"excerpt":{"rendered":"<p>Jeder Mensch ist in seiner Individualit\u00e4t bei uns willkommen. Verantwortung f\u00fcr das eigene Handeln zu \u00fcbernehmen, ist uns wichtig. Wir legen Wert auf respektvollen und liebevollen Umgang. Wir leben eine [&#8230;]<\/p>\n","protected":false},"author":1,"featured_media":0,"parent":41,"menu_order":0,"comment_status":"open","ping_status":"open","template":"","meta":{"footnotes":""},"_links":{"self":[{"href":"https:\/\/www.schmierfinke-koeln.de\/index.php?rest_route=\/wp\/v2\/pages\/106"}],"collection":[{"href":"https:\/\/www.schmierfinke-koeln.de\/index.php?rest_route=\/wp\/v2\/pages"}],"about":[{"href":"https:\/\/www.schmierfinke-koeln.de\/index.php?rest_route=\/wp\/v2\/types\/page"}],"author":[{"embeddable":true,"href":"https:\/\/www.schmierfinke-koeln.de\/index.php?rest_route=\/wp\/v2\/users\/1"}],"replies":[{"embeddable":true,"href":"https:\/\/www.schmierfinke-koeln.de\/index.php?rest_route=%2Fwp%2Fv2%2Fcomments&post=106"}],"version-history":[{"count":62,"href":"https:\/\/www.schmierfinke-koeln.de\/index.php?rest_route=\/wp\/v2\/pages\/106\/revisions"}],"predecessor-version":[{"id":1411,"href":"https:\/\/www.schmierfinke-koeln.de\/index.php?rest_route=\/wp\/v2\/pages\/106\/revisions\/1411"}],"up":[{"embeddable":true,"href":"https:\/\/www.schmierfinke-koeln.de\/index.php?rest_route=\/wp\/v2\/pages\/41"}],"wp:attachment":[{"href":"https:\/\/www.schmierfinke-koeln.de\/index.php?rest_route=%2Fwp%2Fv2%2Fmedia&parent=106"}],"curies":[{"name":"wp","href":"https:\/\/api.w.org\/{rel}","templated":true}]}}