{"id":117,"date":"2013-06-03T12:57:25","date_gmt":"2013-06-03T12:57:25","guid":{"rendered":"http:\/\/www.schmierfinke-koeln.de\/?page_id=117"},"modified":"2024-04-04T16:49:24","modified_gmt":"2024-04-04T16:49:24","slug":"elternmitarbeit","status":"publish","type":"page","link":"https:\/\/www.schmierfinke-koeln.de\/?page_id=117","title":{"rendered":"Elternmitarbeit"},"content":{"rendered":"<h3><span style=\"font-size: 1.142857143rem; line-height: 1.846153846;\">Zusammenarbeit mit den Eltern<\/span><\/h3>\n<p>F\u00fcr die Erf\u00fcllung des gemeinsamen Erziehungsauftrags stellt die Zusammenarbeit mit den Eltern die Grundlage dar. Mit den Eltern vertrauensvoll zusammen zu arbeiten, ist f\u00fcr die Erzieher*innen eine Notwendigkeit, um die Kinder partnerschaftlich konstruktiv erziehen zu k\u00f6nnen. Eltern als Partner und Kunden zu verstehen bedeutet f\u00fcr die Erzieher*innen, ihre Arbeit den Eltern transparent zu machen. Auf dem Elternabend, in Eltern- und \u201eT\u00fcr- und Angelgespr\u00e4chen\u201c teilen die Erzieher*innen ihre Beobachtungen mit, informieren sie die Eltern \u00fcber das, was das Leben der Kinder in der Kita ausmacht. Sie teilen den Eltern mit, wie sich das Kind in der Kita entwickelt. Neben der Information wird Wert auf gemeinsame Aktivit\u00e4ten gelegt. Es wird gemeinsam gefeiert, gebastelt und es werden zusammen Unternehmungen durchgef\u00fchrt.<\/p>\n<div id=\"metaslider-id-721\" style=\"width: 100%;\" class=\"ml-slider-3-70-0 metaslider metaslider-flex metaslider-721 ml-slider ms-theme-default nav-hidden\" role=\"region\" aria-roledescription=\"Slideshow\" aria-label=\"Elternmitarbeit\">\n    <div id=\"metaslider_container_721\">\n        <div id=\"metaslider_721\">\n            <ul aria-live=\"polite\" class=\"slides\">\n                <li style=\"display: block; width: 100%;\" class=\"slide-762 ms-image \" aria-roledescription=\"slide\" aria-label=\"slide-762\"><img loading=\"lazy\" decoding=\"async\" src=\"https:\/\/www.schmierfinke-koeln.de\/wp-content\/uploads\/2013\/12\/ElternMA-735x350.jpg\" height=\"350\" width=\"735\" alt=\"\" class=\"slider-721 slide-762\" \/><\/li>\n            <\/ul>\n        <\/div>\n        \n    <\/div>\n<\/div>\n<h3><span style=\"font-size: 1.142857143rem; line-height: 1.846153846;\">Elternmitarbeit<\/span><\/h3>\n<p>Durch die selbstorganisierte Struktur ist die Elterninitiative auf die Mitarbeit und das Engagement der Eltern angewiesen. Vorstandsarbeit, Teilnahme an Elternabenden und Mitgliederversammlungen, Mitarbeit in Arbeitsgruppen mit verschiedenen Themenschwerpunkten (z.B. Elternauswahl, \u00d6ffentlichkeitsarbeit, Gartenpflege), Verwaltungsaufgaben und Putzdienste werden von den Eltern mitgetragen.<br \/>\nDadurch, dass sich die Eltern in den verschiedenen Bereichen einbringen, haben sie die M\u00f6glichkeit, das Profil der Einrichtung wesentlich mitzubestimmen.<\/p>\n","protected":false},"excerpt":{"rendered":"<p>Zusammenarbeit mit den Eltern F\u00fcr die Erf\u00fcllung des gemeinsamen Erziehungsauftrags stellt die Zusammenarbeit mit den Eltern die Grundlage dar. Mit den Eltern vertrauensvoll zusammen zu arbeiten, ist f\u00fcr die Erzieher*innen [&#8230;]<\/p>\n","protected":false},"author":1,"featured_media":0,"parent":14,"menu_order":0,"comment_status":"open","ping_status":"open","template":"","meta":{"footnotes":""},"_links":{"self":[{"href":"https:\/\/www.schmierfinke-koeln.de\/index.php?rest_route=\/wp\/v2\/pages\/117"}],"collection":[{"href":"https:\/\/www.schmierfinke-koeln.de\/index.php?rest_route=\/wp\/v2\/pages"}],"about":[{"href":"https:\/\/www.schmierfinke-koeln.de\/index.php?rest_route=\/wp\/v2\/types\/page"}],"author":[{"embeddable":true,"href":"https:\/\/www.schmierfinke-koeln.de\/index.php?rest_route=\/wp\/v2\/users\/1"}],"replies":[{"embeddable":true,"href":"https:\/\/www.schmierfinke-koeln.de\/index.php?rest_route=%2Fwp%2Fv2%2Fcomments&post=117"}],"version-history":[{"count":31,"href":"https:\/\/www.schmierfinke-koeln.de\/index.php?rest_route=\/wp\/v2\/pages\/117\/revisions"}],"predecessor-version":[{"id":1396,"href":"https:\/\/www.schmierfinke-koeln.de\/index.php?rest_route=\/wp\/v2\/pages\/117\/revisions\/1396"}],"up":[{"embeddable":true,"href":"https:\/\/www.schmierfinke-koeln.de\/index.php?rest_route=\/wp\/v2\/pages\/14"}],"wp:attachment":[{"href":"https:\/\/www.schmierfinke-koeln.de\/index.php?rest_route=%2Fwp%2Fv2%2Fmedia&parent=117"}],"curies":[{"name":"wp","href":"https:\/\/api.w.org\/{rel}","templated":true}]}}