{"id":119,"date":"2013-06-03T12:57:48","date_gmt":"2013-06-03T12:57:48","guid":{"rendered":"http:\/\/www.schmierfinke-koeln.de\/?page_id=119"},"modified":"2024-04-04T16:45:10","modified_gmt":"2024-04-04T16:45:10","slug":"raumlichkeiten","status":"publish","type":"page","link":"https:\/\/www.schmierfinke-koeln.de\/?page_id=119","title":{"rendered":"R\u00e4umlichkeiten"},"content":{"rendered":"<p>Die Kita Schmierfinke befindet sich in einer ruhigen Sackgasse der Rochusstra\u00dfe in Bickendorf. Kinder, die die<br \/>\nEinrichtung besuchen, kommen \u00fcberwiegend aus den Stadtteilen Bickendorf, Ehrenfeld, Ossendorf und Vogelsang. Das Geb\u00e4ude der Schmierfinke bietet mit ca. 230 qm viel Platz f\u00fcr Kinder und Erzieher*innen. Auf einer Etage stehen den Kindern ein 50 qm gro\u00dfer Gruppenraum, ein Essraum, ein Raum zum Toben, ein Schlafraum,<br \/>\nein Wickelraum, eine kleine K\u00fcche und ein Waschraum zur Verf\u00fcgung. Die R\u00e4umlichkeiten sind kindgerecht umgebaut und ausgestattet.<\/p>\n<p><span style=\"line-height: 1.714285714; font-size: 1rem;\">Der Gruppenraum ist in verschiedene Nutzungsbereiche aufgeteilt. Es gibt zwei Hochebenen, die zu unterschiedlichen Spielen einladen: Hier k\u00f6nnen sich die Kinder verkleiden, in der Spielk\u00fcche arbeiten oder mit Puppen spielen. Die halbhohe Ebene bietet besonders viel f\u00fcr die Kleinen (U3): Sie k\u00f6nnen Treppen steigen \u00fcben, auf der schiefen Ebene klettern, bequem aus den Fenstern schauen oder durch den Tunnel kriechen.<br \/>\nDes Weiteren gibt es im Gruppenraum einen Mal- und Basteltisch und eine Bauecke. Auf einer Liegefl\u00e4che wird vorgelesen und am gro\u00dfen Tisch gibt es Fr\u00fchst\u00fcck und Brotzeit.<br \/>\n<\/span><\/p>\n<p>Au\u00dferhalb der Essenszeiten wird der Essraum von den Kindern f\u00fcr Gesellschaftsspiele genutzt.<\/p>\n<p>Der Raum zum Toben bietet den Kindern Platz f\u00fcr Bewegung. Hier k\u00f6nnen sie u.a. klettern und auf Matratzen springen und mit B\u00e4llen und anderen Spiel- und Sportger\u00e4ten spielen.<\/p>\n<p>Unser Schlafraum kann auch als Snoezelraum genutzt werden: Mit Discokugel, F\u00fchlwand, gro\u00dfem Matratzenlager und Musik wird eine angenehme, entspannende und die Sinne anregende Atmosph\u00e4re geschaffen.<\/p>\n<p>Die Schmierfinke besitzen ein 200 qm gro\u00dfes Au\u00dfengel\u00e4nde. Dort gibt es ein Spielhaus, einen gro\u00dfen Sandkasten, eine Kletterwand, einen Kletterh\u00fcgel mit Rutsche, einen Schuppen mit diversen Fahrzeugen und einen Wasserspielbereich, der von den Kindern zum Experimentieren genutzt wird.<\/p>\n","protected":false},"excerpt":{"rendered":"<p>Die Kita Schmierfinke befindet sich in einer ruhigen Sackgasse der Rochusstra\u00dfe in Bickendorf. Kinder, die die Einrichtung besuchen, kommen \u00fcberwiegend aus den Stadtteilen Bickendorf, Ehrenfeld, Ossendorf und Vogelsang. Das Geb\u00e4ude [&#8230;]<\/p>\n","protected":false},"author":1,"featured_media":0,"parent":14,"menu_order":0,"comment_status":"open","ping_status":"open","template":"","meta":{"footnotes":""},"_links":{"self":[{"href":"https:\/\/www.schmierfinke-koeln.de\/index.php?rest_route=\/wp\/v2\/pages\/119"}],"collection":[{"href":"https:\/\/www.schmierfinke-koeln.de\/index.php?rest_route=\/wp\/v2\/pages"}],"about":[{"href":"https:\/\/www.schmierfinke-koeln.de\/index.php?rest_route=\/wp\/v2\/types\/page"}],"author":[{"embeddable":true,"href":"https:\/\/www.schmierfinke-koeln.de\/index.php?rest_route=\/wp\/v2\/users\/1"}],"replies":[{"embeddable":true,"href":"https:\/\/www.schmierfinke-koeln.de\/index.php?rest_route=%2Fwp%2Fv2%2Fcomments&post=119"}],"version-history":[{"count":29,"href":"https:\/\/www.schmierfinke-koeln.de\/index.php?rest_route=\/wp\/v2\/pages\/119\/revisions"}],"predecessor-version":[{"id":1393,"href":"https:\/\/www.schmierfinke-koeln.de\/index.php?rest_route=\/wp\/v2\/pages\/119\/revisions\/1393"}],"up":[{"embeddable":true,"href":"https:\/\/www.schmierfinke-koeln.de\/index.php?rest_route=\/wp\/v2\/pages\/14"}],"wp:attachment":[{"href":"https:\/\/www.schmierfinke-koeln.de\/index.php?rest_route=%2Fwp%2Fv2%2Fmedia&parent=119"}],"curies":[{"name":"wp","href":"https:\/\/api.w.org\/{rel}","templated":true}]}}