{"id":121,"date":"2013-06-03T12:58:46","date_gmt":"2013-06-03T12:58:46","guid":{"rendered":"http:\/\/www.schmierfinke-koeln.de\/?page_id=121"},"modified":"2024-08-20T15:39:20","modified_gmt":"2024-08-20T15:39:20","slug":"verpflegung","status":"publish","type":"page","link":"https:\/\/www.schmierfinke-koeln.de\/?page_id=121","title":{"rendered":"Ern\u00e4hrung"},"content":{"rendered":"<p>Seit August 2015 sorgt eine K\u00f6chin f\u00fcr das leibliche Wohl unserer Schmierfinke. T\u00e4glich werden folgende Mahlzeiten angeboten:<br \/>\nDas offene Fr\u00fchst\u00fcck, das Mittagessen, eine kleine Mahlzeit (\u201eBrotdose\u201c) nach der Mittagsruhe und bei Bedarf noch mal ein Snack gegen 16.00 Uhr.<\/p>\n<p>Wir legen Wert auf eine ausgewogene Ern\u00e4hrung in Bio-Qualit\u00e4t, viel Rohkost; ab und zu Kuchen oder Kekse d\u00fcrfen aber auch mal sein.<\/p>\n","protected":false},"excerpt":{"rendered":"<p>Seit August 2015 sorgt eine K\u00f6chin f\u00fcr das leibliche Wohl unserer Schmierfinke. T\u00e4glich werden folgende Mahlzeiten angeboten: Das offene Fr\u00fchst\u00fcck, das Mittagessen, eine kleine Mahlzeit (\u201eBrotdose\u201c) nach der Mittagsruhe und [&#8230;]<\/p>\n","protected":false},"author":1,"featured_media":0,"parent":14,"menu_order":0,"comment_status":"open","ping_status":"open","template":"","meta":{"footnotes":""},"_links":{"self":[{"href":"https:\/\/www.schmierfinke-koeln.de\/index.php?rest_route=\/wp\/v2\/pages\/121"}],"collection":[{"href":"https:\/\/www.schmierfinke-koeln.de\/index.php?rest_route=\/wp\/v2\/pages"}],"about":[{"href":"https:\/\/www.schmierfinke-koeln.de\/index.php?rest_route=\/wp\/v2\/types\/page"}],"author":[{"embeddable":true,"href":"https:\/\/www.schmierfinke-koeln.de\/index.php?rest_route=\/wp\/v2\/users\/1"}],"replies":[{"embeddable":true,"href":"https:\/\/www.schmierfinke-koeln.de\/index.php?rest_route=%2Fwp%2Fv2%2Fcomments&post=121"}],"version-history":[{"count":33,"href":"https:\/\/www.schmierfinke-koeln.de\/index.php?rest_route=\/wp\/v2\/pages\/121\/revisions"}],"predecessor-version":[{"id":1439,"href":"https:\/\/www.schmierfinke-koeln.de\/index.php?rest_route=\/wp\/v2\/pages\/121\/revisions\/1439"}],"up":[{"embeddable":true,"href":"https:\/\/www.schmierfinke-koeln.de\/index.php?rest_route=\/wp\/v2\/pages\/14"}],"wp:attachment":[{"href":"https:\/\/www.schmierfinke-koeln.de\/index.php?rest_route=%2Fwp%2Fv2%2Fmedia&parent=121"}],"curies":[{"name":"wp","href":"https:\/\/api.w.org\/{rel}","templated":true}]}}