{"id":47,"date":"2013-04-26T15:17:54","date_gmt":"2013-04-26T15:17:54","guid":{"rendered":"http:\/\/ueberdill.com\/schmier\/?page_id=47"},"modified":"2024-04-04T16:43:05","modified_gmt":"2024-04-04T16:43:05","slug":"tagesablauf","status":"publish","type":"page","link":"https:\/\/www.schmierfinke-koeln.de\/?page_id=47","title":{"rendered":"Tagesablauf"},"content":{"rendered":"<div class=\"clear\"><\/div><div class=\"tagesablauf\"><div class=\"ablauf farbe1 ab_time\"><div class=\"ab_time_sub\"><p>07:30-09:30<\/p><\/div><\/div><div class=\"ablauf farbe1 ab_content\">\n<p>Eintreffen der Kinder<br \/>\n<span style=\"line-height: 1.714285714; font-size: 1rem;\">Nach ihrem Eintreffen haben die Kinder die M\u00f6glichkeit zum Freispiel; wer m\u00f6chte, kann am offenen Fr\u00fchst\u00fcck teilnehmen und im Beisein einer Erzieher*in fr\u00fchst\u00fccken.<\/span><\/p>\n<\/div><\/div>\n<div class=\"clear\"><\/div><div class=\"tagesablauf\"><div class=\"ablauf farbe2 ab_time\"><div class=\"ab_time_sub\"><p>09:30-11:30<\/p><\/div><\/div><div class=\"ablauf farbe2 ab_content\">\n<p>Vormittags gibt es gezielte Angebote und Besch\u00e4ftigungen; es finden\u00a0Geburtstags- oder Jahreszeitenfeiern statt oder es bleibt\u00a0Zeit zum Freispiel.<br \/>\n<span style=\"line-height: 1.714285714; font-size: 1rem;\">Die Angebote k\u00f6nnen im Haus oder im Freien stattfinden.<\/span><\/p>\n<\/div><\/div>\n<div class=\"clear\"><\/div><div class=\"tagesablauf\"><div class=\"ablauf farbe1 ab_time\"><div class=\"ab_time_sub\"><p>11:30-12:00<\/p><\/div><\/div><div class=\"ablauf farbe1 ab_content\">\n<p>Zum Abschluss des Vormittags treffen sich alle Kinder zum gemeinsamen Singen, Kreisspielen und\/ oder Erz\u00e4hlen<\/div><\/div>\n<div class=\"clear\"><\/div><div class=\"tagesablauf\"><div class=\"ablauf farbe2 ab_time\"><div class=\"ab_time_sub\"><p>12:00-12:45<\/p><\/div><\/div><div class=\"ablauf farbe2 ab_content\">\n<p>Gemeinsamens Mittagessen und Vorbereitung zur Mittagsruhe<br \/>\n(Waschen, Z\u00e4hne putzen)<\/div><\/div>\n<div class=\"clear\"><\/div><div class=\"tagesablauf\"><div class=\"ablauf farbe1 ab_time\"><div class=\"ab_time_sub\"><p>13:00-14:30<\/p><\/div><\/div><div class=\"ablauf farbe1 ab_content\">\n<p>Mittagsruhe f\u00fcr die Kinder unter drei Jahren.<br \/>\nIn der ersten Stunde besch\u00e4ftigen sich die \u00e4lteren Kinder ruhig im Gruppenraum.<\/div><\/div>\n<div class=\"clear\"><\/div><div class=\"tagesablauf\"><div class=\"ablauf farbe2 ab_time\"><div class=\"ab_time_sub\"><p>14:30-15:00<\/p><\/div><\/div><div class=\"ablauf farbe2 ab_content\">\n<p>\u201eBrotdose\u201c: Hier gibt es f\u00fcr die Kinder in einer gem\u00fctlichen Tischrunde eine kleine Mahlzeit. Es wird erz\u00e4hlt und vorgelesen.<\/div><\/div>\n<div class=\"clear\"><\/div><div class=\"tagesablauf\"><div class=\"ablauf farbe1 ab_time\"><div class=\"ab_time_sub\"><p>15:00-16:30<\/p><\/div><\/div><div class=\"ablauf farbe1 ab_content\">\n<p>Die Kinder haben Zeit f\u00fcr freies Spiel und Abholzeit f\u00fcr die Kinder.<\/div><\/div>\n","protected":false},"excerpt":{"rendered":"","protected":false},"author":1,"featured_media":0,"parent":14,"menu_order":0,"comment_status":"closed","ping_status":"closed","template":"page-templates\/tagesablauf.php","meta":{"footnotes":""},"_links":{"self":[{"href":"https:\/\/www.schmierfinke-koeln.de\/index.php?rest_route=\/wp\/v2\/pages\/47"}],"collection":[{"href":"https:\/\/www.schmierfinke-koeln.de\/index.php?rest_route=\/wp\/v2\/pages"}],"about":[{"href":"https:\/\/www.schmierfinke-koeln.de\/index.php?rest_route=\/wp\/v2\/types\/page"}],"author":[{"embeddable":true,"href":"https:\/\/www.schmierfinke-koeln.de\/index.php?rest_route=\/wp\/v2\/users\/1"}],"replies":[{"embeddable":true,"href":"https:\/\/www.schmierfinke-koeln.de\/index.php?rest_route=%2Fwp%2Fv2%2Fcomments&post=47"}],"version-history":[{"count":40,"href":"https:\/\/www.schmierfinke-koeln.de\/index.php?rest_route=\/wp\/v2\/pages\/47\/revisions"}],"predecessor-version":[{"id":1392,"href":"https:\/\/www.schmierfinke-koeln.de\/index.php?rest_route=\/wp\/v2\/pages\/47\/revisions\/1392"}],"up":[{"embeddable":true,"href":"https:\/\/www.schmierfinke-koeln.de\/index.php?rest_route=\/wp\/v2\/pages\/14"}],"wp:attachment":[{"href":"https:\/\/www.schmierfinke-koeln.de\/index.php?rest_route=%2Fwp%2Fv2%2Fmedia&parent=47"}],"curies":[{"name":"wp","href":"https:\/\/api.w.org\/{rel}","templated":true}]}}