{"id":85,"date":"2013-05-14T11:42:29","date_gmt":"2013-05-14T11:42:29","guid":{"rendered":"http:\/\/www.schmierfinke-koeln.de\/?page_id=85"},"modified":"2026-03-14T15:07:31","modified_gmt":"2026-03-14T15:07:31","slug":"impressum","status":"publish","type":"page","link":"https:\/\/www.schmierfinke-koeln.de\/?page_id=85","title":{"rendered":"Impressum"},"content":{"rendered":"<div class=\"one_half\">\n<h3>SCHMIERFINKE e.V.<\/h3>\n<p>Kindertagesst\u00e4tte<br \/>Rochusstra\u00dfe 34c<br \/>50827 K\u00f6ln<br \/>Tel. 0221 \u2013 98656453<br \/><\/div>\n<h3>DESIGN; PROGAMMIERUNG<\/h3>\n<p>Feedmee Design, K\u00f6ln<\/p>\n<h3>VORSTAND<\/h3>\n<p>Katrin Nienhuis<\/p>\n<p>Julian Wichmann<\/p>\n<p>Eva H\u00f6rle<\/p>\n<p>Theresa Deckers<\/p>\n<h3>REGISTERGERICHT<\/h3>\n<p>Amtsgericht K\u00f6ln<\/p>\n<h3>REGISTERNUMMER<\/h3>\n<p>VR 9557<\/p>\n<h3>LEITUNG<\/h3>\n<p>Romy Klauck<\/p>\n<h3>RECHTLICHE HINWEISE<\/h3>\n<p>F\u00fcr den Inhalt der verlinkten Seiten sind<br \/>ausschlie\u00dflich deren Betreiber verantwortlich.<br \/>F\u00fcr die eigenen Inhalte dieses Angebots ist nach \u00a7 6 Mediendienste-Staatsvertrag bzw. \u00a7 8 Teledienstgesetz Vorstand Schmierfinke e.V. verantwortlich.<\/p>\n\n\n<p><\/p>\n","protected":false},"excerpt":{"rendered":"<p>DESIGN; PROGAMMIERUNG Feedmee Design, K\u00f6ln VORSTAND Katrin Nienhuis Julian Wichmann Eva H\u00f6rle Theresa Deckers REGISTERGERICHT Amtsgericht K\u00f6ln REGISTERNUMMER VR 9557 LEITUNG Romy Klauck RECHTLICHE HINWEISE F\u00fcr den Inhalt der verlinkten [&#8230;]<\/p>\n","protected":false},"author":1,"featured_media":0,"parent":16,"menu_order":0,"comment_status":"open","ping_status":"open","template":"page-templates\/page_FullBack.php","meta":{"footnotes":""},"_links":{"self":[{"href":"https:\/\/www.schmierfinke-koeln.de\/index.php?rest_route=\/wp\/v2\/pages\/85"}],"collection":[{"href":"https:\/\/www.schmierfinke-koeln.de\/index.php?rest_route=\/wp\/v2\/pages"}],"about":[{"href":"https:\/\/www.schmierfinke-koeln.de\/index.php?rest_route=\/wp\/v2\/types\/page"}],"author":[{"embeddable":true,"href":"https:\/\/www.schmierfinke-koeln.de\/index.php?rest_route=\/wp\/v2\/users\/1"}],"replies":[{"embeddable":true,"href":"https:\/\/www.schmierfinke-koeln.de\/index.php?rest_route=%2Fwp%2Fv2%2Fcomments&post=85"}],"version-history":[{"count":62,"href":"https:\/\/www.schmierfinke-koeln.de\/index.php?rest_route=\/wp\/v2\/pages\/85\/revisions"}],"predecessor-version":[{"id":1461,"href":"https:\/\/www.schmierfinke-koeln.de\/index.php?rest_route=\/wp\/v2\/pages\/85\/revisions\/1461"}],"up":[{"embeddable":true,"href":"https:\/\/www.schmierfinke-koeln.de\/index.php?rest_route=\/wp\/v2\/pages\/16"}],"wp:attachment":[{"href":"https:\/\/www.schmierfinke-koeln.de\/index.php?rest_route=%2Fwp%2Fv2%2Fmedia&parent=85"}],"curies":[{"name":"wp","href":"https:\/\/api.w.org\/{rel}","templated":true}]}}