{"id":900,"date":"2014-11-24T16:45:07","date_gmt":"2014-11-24T16:45:07","guid":{"rendered":"http:\/\/www.schmierfinke-koeln.de\/?page_id=900"},"modified":"2024-08-20T15:31:55","modified_gmt":"2024-08-20T15:31:55","slug":"anmeldung","status":"publish","type":"page","link":"https:\/\/www.schmierfinke-koeln.de\/?page_id=900","title":{"rendered":"Anmeldung"},"content":{"rendered":"<p>Wenn Sie sich f\u00fcr einen Kitaplatz f\u00fcr Ihr Kind interessieren und sich in einer Elterninitiative engagieren m\u00f6chten, k\u00f6nnen Sie gerne per E-Mail mit uns Kontakt aufnehmen:<br \/>\n<strong>neu@schmierfinke-koeln.de<\/strong><\/p>\n<p>Voraussetzung f\u00fcr eine Anmeldung bei uns ist eine gleichzeitige Anmeldung bei der Stadt K\u00f6ln \u00fcber das Portal &#8220;<a href=\"https:\/\/portal-koeln.little-bird.de\/\">Little Bird<\/a>&#8220;.<\/p>\n","protected":false},"excerpt":{"rendered":"<p>Wenn Sie sich f\u00fcr einen Kitaplatz f\u00fcr Ihr Kind interessieren und sich in einer Elterninitiative engagieren m\u00f6chten, k\u00f6nnen Sie gerne per E-Mail mit uns Kontakt aufnehmen: neu@schmierfinke-koeln.de Voraussetzung f\u00fcr eine [&#8230;]<\/p>\n","protected":false},"author":1,"featured_media":0,"parent":16,"menu_order":0,"comment_status":"closed","ping_status":"open","template":"","meta":{"footnotes":""},"_links":{"self":[{"href":"https:\/\/www.schmierfinke-koeln.de\/index.php?rest_route=\/wp\/v2\/pages\/900"}],"collection":[{"href":"https:\/\/www.schmierfinke-koeln.de\/index.php?rest_route=\/wp\/v2\/pages"}],"about":[{"href":"https:\/\/www.schmierfinke-koeln.de\/index.php?rest_route=\/wp\/v2\/types\/page"}],"author":[{"embeddable":true,"href":"https:\/\/www.schmierfinke-koeln.de\/index.php?rest_route=\/wp\/v2\/users\/1"}],"replies":[{"embeddable":true,"href":"https:\/\/www.schmierfinke-koeln.de\/index.php?rest_route=%2Fwp%2Fv2%2Fcomments&post=900"}],"version-history":[{"count":23,"href":"https:\/\/www.schmierfinke-koeln.de\/index.php?rest_route=\/wp\/v2\/pages\/900\/revisions"}],"predecessor-version":[{"id":1437,"href":"https:\/\/www.schmierfinke-koeln.de\/index.php?rest_route=\/wp\/v2\/pages\/900\/revisions\/1437"}],"up":[{"embeddable":true,"href":"https:\/\/www.schmierfinke-koeln.de\/index.php?rest_route=\/wp\/v2\/pages\/16"}],"wp:attachment":[{"href":"https:\/\/www.schmierfinke-koeln.de\/index.php?rest_route=%2Fwp%2Fv2%2Fmedia&parent=900"}],"curies":[{"name":"wp","href":"https:\/\/api.w.org\/{rel}","templated":true}]}}